{"id":78,"date":"2026-04-26T20:56:15","date_gmt":"2026-04-26T20:56:15","guid":{"rendered":"https:\/\/vinyland.benoit.julien.mmi-velizy.fr\/wp\/?post_type=product&#038;p=78"},"modified":"2026-04-26T20:56:16","modified_gmt":"2026-04-26T20:56:16","slug":"absolute-carambar","status":"publish","type":"product","link":"https:\/\/vinyland.benoit.julien.mmi-velizy.fr\/wp\/produit\/absolute-carambar\/","title":{"rendered":"Absolute Carambar"},"content":{"rendered":"<p>Ne passez pas \u00e0 c\u00f4t\u00e9 le nouvel album du Adobegang !<\/p>\n<p>Des sons d\u00e9j\u00e0 l\u00e9gendaires vous y attendent tels que :\u00a0<em>Jaysondeagle<\/em>, ou encore\u00a0<em>Carambalec<\/em>, et m\u00eame un son exclusif\u00a0<em>VCSLH<\/em> !<\/p>\n","protected":false},"excerpt":{"rendered":"<p>Ne passez pas \u00e0 c\u00f4t\u00e9 le nouvel album du Adobegang !<\/p>\n","protected":false},"featured_media":69,"comment_status":"open","ping_status":"closed","template":"","meta":{"pagelayer_contact_templates":[],"_pagelayer_content":""},"product_brand":[26],"product_cat":[22],"product_tag":[],"class_list":{"0":"post-78","1":"product","2":"type-product","3":"status-publish","4":"has-post-thumbnail","6":"product_brand-marsara","7":"product_cat-pop","9":"first","10":"instock","11":"taxable","12":"shipping-taxable","13":"purchasable","14":"product-type-simple"},"_links":{"self":[{"href":"https:\/\/vinyland.benoit.julien.mmi-velizy.fr\/wp\/wp-json\/wp\/v2\/product\/78","targetHints":{"allow":["GET"]}}],"collection":[{"href":"https:\/\/vinyland.benoit.julien.mmi-velizy.fr\/wp\/wp-json\/wp\/v2\/product"}],"about":[{"href":"https:\/\/vinyland.benoit.julien.mmi-velizy.fr\/wp\/wp-json\/wp\/v2\/types\/product"}],"replies":[{"embeddable":true,"href":"https:\/\/vinyland.benoit.julien.mmi-velizy.fr\/wp\/wp-json\/wp\/v2\/comments?post=78"}],"wp:featuredmedia":[{"embeddable":true,"href":"https:\/\/vinyland.benoit.julien.mmi-velizy.fr\/wp\/wp-json\/wp\/v2\/media\/69"}],"wp:attachment":[{"href":"https:\/\/vinyland.benoit.julien.mmi-velizy.fr\/wp\/wp-json\/wp\/v2\/media?parent=78"}],"wp:term":[{"taxonomy":"product_brand","embeddable":true,"href":"https:\/\/vinyland.benoit.julien.mmi-velizy.fr\/wp\/wp-json\/wp\/v2\/product_brand?post=78"},{"taxonomy":"product_cat","embeddable":true,"href":"https:\/\/vinyland.benoit.julien.mmi-velizy.fr\/wp\/wp-json\/wp\/v2\/product_cat?post=78"},{"taxonomy":"product_tag","embeddable":true,"href":"https:\/\/vinyland.benoit.julien.mmi-velizy.fr\/wp\/wp-json\/wp\/v2\/product_tag?post=78"}],"curies":[{"name":"wp","href":"https:\/\/api.w.org\/{rel}","templated":true}]}}